{"id":686,"date":"2023-12-02T14:48:42","date_gmt":"2023-12-02T14:48:42","guid":{"rendered":"https:\/\/complethera.ch\/?page_id=686"},"modified":"2023-12-02T15:18:30","modified_gmt":"2023-12-02T15:18:30","slug":"therapieraum","status":"publish","type":"page","link":"https:\/\/complethera.ch\/index.php\/therapieraum\/","title":{"rendered":"Therapieraum"},"content":{"rendered":"\n<h4 class=\"wp-block-heading has-text-align-center has-medium-font-size\">Therapieraum<\/h4>\n\n\n\n<p>Sch\u00f6ner, heller Therapieraum, im 2. Stock liegend, kann Mo\/Mi\/Fr den ganzen Tag &#8211; Di\/Do ab 13.00 Uhr gemietet werden. Abh\u00e4ngig von der Fachrichtung besteht die M\u00f6glichkeit der Mitbenutzung unseres Abrechnungssystems. Des Weiteren kann die Infrastruktur der Praxis (Kleinger\u00e4te, Matten, Lagerungsmaterial etc.) mitbenutzt werden.<\/p>\n\n\n\n<p><strong>Kosten:<\/strong><\/p>\n\n\n\n<p>Es wird eine monatliche Vorauszahlung von CHF 300.- geben, die mit einer prozentualen Umsatzbeteiligung am Ende des Monats verrechnet wird.<\/p>\n\n\n\n<p>Kontaktieren Sie uns bei Interesse und eventuell weiteren Fragen.<\/p>\n\n\n\n<p>E-Mail: <a href=\"mailto:info@complethera.ch\">info@complethera.ch<\/a><\/p>\n\n\n\n<p>Telefon: 044 860 89 41<\/p>\n\n\n\n<div class=\"wp-block-columns is-layout-flex wp-container-core-columns-is-layout-9d6595d7 wp-block-columns-is-layout-flex\">\n<div class=\"wp-block-column is-layout-flow wp-block-column-is-layout-flow\"><div class=\"wp-block-image\">\n<figure class=\"alignright size-medium\"><img loading=\"lazy\" decoding=\"async\" width=\"300\" height=\"200\" src=\"https:\/\/complethera.ch\/wp-content\/uploads\/2023\/12\/Therapieraum-vermieten-Buelach-Complethera-1-300x200.jpg\" alt=\"\" class=\"wp-image-694\" srcset=\"https:\/\/complethera.ch\/wp-content\/uploads\/2023\/12\/Therapieraum-vermieten-Buelach-Complethera-1-300x200.jpg 300w, https:\/\/complethera.ch\/wp-content\/uploads\/2023\/12\/Therapieraum-vermieten-Buelach-Complethera-1-1024x683.jpg 1024w, https:\/\/complethera.ch\/wp-content\/uploads\/2023\/12\/Therapieraum-vermieten-Buelach-Complethera-1-768x512.jpg 768w, https:\/\/complethera.ch\/wp-content\/uploads\/2023\/12\/Therapieraum-vermieten-Buelach-Complethera-1-90x60.jpg 90w, https:\/\/complethera.ch\/wp-content\/uploads\/2023\/12\/Therapieraum-vermieten-Buelach-Complethera-1-480x320.jpg 480w, https:\/\/complethera.ch\/wp-content\/uploads\/2023\/12\/Therapieraum-vermieten-Buelach-Complethera-1-800x530.jpg 800w, https:\/\/complethera.ch\/wp-content\/uploads\/2023\/12\/Therapieraum-vermieten-Buelach-Complethera-1-420x280.jpg 420w, https:\/\/complethera.ch\/wp-content\/uploads\/2023\/12\/Therapieraum-vermieten-Buelach-Complethera-1-520x345.jpg 520w, https:\/\/complethera.ch\/wp-content\/uploads\/2023\/12\/Therapieraum-vermieten-Buelach-Complethera-1.jpg 1129w\" sizes=\"auto, (max-width: 300px) 100vw, 300px\" \/><\/figure>\n<\/div><\/div>\n\n\n\n<div class=\"wp-block-column is-layout-flow wp-block-column-is-layout-flow\"><div class=\"wp-block-image\">\n<figure class=\"alignleft size-medium\"><img loading=\"lazy\" decoding=\"async\" width=\"300\" height=\"200\" src=\"https:\/\/complethera.ch\/wp-content\/uploads\/2023\/12\/Therapieraum-vermieten-Buelach-Complethera-2-300x200.jpg\" alt=\"\" class=\"wp-image-695\" srcset=\"https:\/\/complethera.ch\/wp-content\/uploads\/2023\/12\/Therapieraum-vermieten-Buelach-Complethera-2-300x200.jpg 300w, https:\/\/complethera.ch\/wp-content\/uploads\/2023\/12\/Therapieraum-vermieten-Buelach-Complethera-2-1024x683.jpg 1024w, https:\/\/complethera.ch\/wp-content\/uploads\/2023\/12\/Therapieraum-vermieten-Buelach-Complethera-2-768x512.jpg 768w, https:\/\/complethera.ch\/wp-content\/uploads\/2023\/12\/Therapieraum-vermieten-Buelach-Complethera-2-90x60.jpg 90w, https:\/\/complethera.ch\/wp-content\/uploads\/2023\/12\/Therapieraum-vermieten-Buelach-Complethera-2-480x320.jpg 480w, https:\/\/complethera.ch\/wp-content\/uploads\/2023\/12\/Therapieraum-vermieten-Buelach-Complethera-2-800x530.jpg 800w, https:\/\/complethera.ch\/wp-content\/uploads\/2023\/12\/Therapieraum-vermieten-Buelach-Complethera-2-420x280.jpg 420w, https:\/\/complethera.ch\/wp-content\/uploads\/2023\/12\/Therapieraum-vermieten-Buelach-Complethera-2-520x345.jpg 520w, https:\/\/complethera.ch\/wp-content\/uploads\/2023\/12\/Therapieraum-vermieten-Buelach-Complethera-2.jpg 1129w\" sizes=\"auto, (max-width: 300px) 100vw, 300px\" \/><\/figure>\n<\/div><\/div>\n<\/div>\n\n\n<div class=\"wp-block-image\">\n<figure class=\"aligncenter size-medium\"><img loading=\"lazy\" decoding=\"async\" width=\"300\" height=\"200\" src=\"https:\/\/complethera.ch\/wp-content\/uploads\/2023\/12\/Therapieraum-vermieten-Buelach-Complethera-3-300x200.jpg\" alt=\"\" class=\"wp-image-696\" srcset=\"https:\/\/complethera.ch\/wp-content\/uploads\/2023\/12\/Therapieraum-vermieten-Buelach-Complethera-3-300x200.jpg 300w, https:\/\/complethera.ch\/wp-content\/uploads\/2023\/12\/Therapieraum-vermieten-Buelach-Complethera-3-1024x683.jpg 1024w, https:\/\/complethera.ch\/wp-content\/uploads\/2023\/12\/Therapieraum-vermieten-Buelach-Complethera-3-768x512.jpg 768w, https:\/\/complethera.ch\/wp-content\/uploads\/2023\/12\/Therapieraum-vermieten-Buelach-Complethera-3-90x60.jpg 90w, https:\/\/complethera.ch\/wp-content\/uploads\/2023\/12\/Therapieraum-vermieten-Buelach-Complethera-3-480x320.jpg 480w, https:\/\/complethera.ch\/wp-content\/uploads\/2023\/12\/Therapieraum-vermieten-Buelach-Complethera-3-800x530.jpg 800w, https:\/\/complethera.ch\/wp-content\/uploads\/2023\/12\/Therapieraum-vermieten-Buelach-Complethera-3-420x280.jpg 420w, https:\/\/complethera.ch\/wp-content\/uploads\/2023\/12\/Therapieraum-vermieten-Buelach-Complethera-3-520x345.jpg 520w, https:\/\/complethera.ch\/wp-content\/uploads\/2023\/12\/Therapieraum-vermieten-Buelach-Complethera-3.jpg 1129w\" sizes=\"auto, (max-width: 300px) 100vw, 300px\" \/><\/figure>\n<\/div>","protected":false},"excerpt":{"rendered":"<p>Therapieraum Sch\u00f6ner, heller Therapieraum, im 2. Stock liegend, kann Mo\/Mi\/Fr den ganzen Tag &#8211; Di\/Do ab 13.00 Uhr gemietet werden. Abh\u00e4ngig von der Fachrichtung besteht &hellip; <\/p>\n","protected":false},"author":1,"featured_media":0,"parent":0,"menu_order":0,"comment_status":"closed","ping_status":"closed","template":"","meta":{"inline_featured_image":false,"wp_mapbox_gl_js_media":[],"footnotes":""},"class_list":["post-686","page","type-page","status-publish","hentry","latest_post"],"_links":{"self":[{"href":"https:\/\/complethera.ch\/index.php\/wp-json\/wp\/v2\/pages\/686","targetHints":{"allow":["GET"]}}],"collection":[{"href":"https:\/\/complethera.ch\/index.php\/wp-json\/wp\/v2\/pages"}],"about":[{"href":"https:\/\/complethera.ch\/index.php\/wp-json\/wp\/v2\/types\/page"}],"author":[{"embeddable":true,"href":"https:\/\/complethera.ch\/index.php\/wp-json\/wp\/v2\/users\/1"}],"replies":[{"embeddable":true,"href":"https:\/\/complethera.ch\/index.php\/wp-json\/wp\/v2\/comments?post=686"}],"version-history":[{"count":13,"href":"https:\/\/complethera.ch\/index.php\/wp-json\/wp\/v2\/pages\/686\/revisions"}],"predecessor-version":[{"id":708,"href":"https:\/\/complethera.ch\/index.php\/wp-json\/wp\/v2\/pages\/686\/revisions\/708"}],"wp:attachment":[{"href":"https:\/\/complethera.ch\/index.php\/wp-json\/wp\/v2\/media?parent=686"}],"curies":[{"name":"wp","href":"https:\/\/api.w.org\/{rel}","templated":true}]}}