{"id":579,"date":"2021-10-31T16:51:20","date_gmt":"2021-10-31T16:51:20","guid":{"rendered":"https:\/\/complethera.ch\/?page_id=579"},"modified":"2023-08-13T13:22:02","modified_gmt":"2023-08-13T13:22:02","slug":"579-2","status":"publish","type":"page","link":"https:\/\/complethera.ch\/index.php\/579-2\/","title":{"rendered":"Praxis"},"content":{"rendered":"\n<h4 class=\"wp-block-heading has-text-align-center\">Praxis<\/h4>\n\n\n\n<p><strong>Gallerie<\/strong><\/p>\n\n\n\n<figure class=\"wp-block-gallery has-nested-images columns-4 is-cropped wp-block-gallery-1 is-layout-flex wp-block-gallery-is-layout-flex\">\n<figure class=\"wp-block-image size-large\"><a href=\"https:\/\/complethera.ch\/wp-content\/uploads\/2021\/10\/IMG_1075-Zuschnit.png\"><img loading=\"lazy\" decoding=\"async\" width=\"6452\" height=\"4599\" data-id=\"580\" src=\"https:\/\/complethera.ch\/wp-content\/uploads\/2021\/10\/IMG_1075-Zuschnit.png\" alt=\"\" class=\"wp-image-580\" srcset=\"https:\/\/complethera.ch\/wp-content\/uploads\/2021\/10\/IMG_1075-Zuschnit.png 6452w, https:\/\/complethera.ch\/wp-content\/uploads\/2021\/10\/IMG_1075-Zuschnit-300x214.png 300w\" sizes=\"auto, (max-width: 6452px) 100vw, 6452px\" \/><\/a><\/figure>\n\n\n\n<figure class=\"wp-block-image size-large\"><a href=\"https:\/\/complethera.ch\/wp-content\/uploads\/2021\/10\/IMG_1207-Korrektur.png\"><img loading=\"lazy\" decoding=\"async\" width=\"6960\" height=\"4640\" data-id=\"585\" src=\"https:\/\/complethera.ch\/wp-content\/uploads\/2021\/10\/IMG_1207-Korrektur.png\" alt=\"\" class=\"wp-image-585\" srcset=\"https:\/\/complethera.ch\/wp-content\/uploads\/2021\/10\/IMG_1207-Korrektur.png 6960w, https:\/\/complethera.ch\/wp-content\/uploads\/2021\/10\/IMG_1207-Korrektur-300x200.png 300w\" sizes=\"auto, (max-width: 6960px) 100vw, 6960px\" \/><\/a><\/figure>\n\n\n\n<figure class=\"wp-block-image size-large\"><a href=\"https:\/\/complethera.ch\/wp-content\/uploads\/2021\/10\/IMG_1218-korrigiert.png\"><img loading=\"lazy\" decoding=\"async\" width=\"6960\" height=\"4640\" data-id=\"586\" src=\"https:\/\/complethera.ch\/wp-content\/uploads\/2021\/10\/IMG_1218-korrigiert.png\" alt=\"\" class=\"wp-image-586\" srcset=\"https:\/\/complethera.ch\/wp-content\/uploads\/2021\/10\/IMG_1218-korrigiert.png 6960w, https:\/\/complethera.ch\/wp-content\/uploads\/2021\/10\/IMG_1218-korrigiert-300x200.png 300w\" sizes=\"auto, (max-width: 6960px) 100vw, 6960px\" \/><\/a><\/figure>\n\n\n\n<figure class=\"wp-block-image size-large\"><a href=\"https:\/\/complethera.ch\/wp-content\/uploads\/2021\/10\/IMG_1201-korrigiert.png\"><img loading=\"lazy\" decoding=\"async\" width=\"6960\" height=\"4640\" data-id=\"584\" src=\"https:\/\/complethera.ch\/wp-content\/uploads\/2021\/10\/IMG_1201-korrigiert.png\" alt=\"\" class=\"wp-image-584\" srcset=\"https:\/\/complethera.ch\/wp-content\/uploads\/2021\/10\/IMG_1201-korrigiert.png 6960w, https:\/\/complethera.ch\/wp-content\/uploads\/2021\/10\/IMG_1201-korrigiert-300x200.png 300w\" sizes=\"auto, (max-width: 6960px) 100vw, 6960px\" \/><\/a><\/figure>\n\n\n\n<figure class=\"wp-block-image size-large\"><a href=\"https:\/\/complethera.ch\/wp-content\/uploads\/2021\/10\/IMG_1236-Korrektur.png\"><img loading=\"lazy\" decoding=\"async\" width=\"6960\" height=\"4640\" data-id=\"587\" src=\"https:\/\/complethera.ch\/wp-content\/uploads\/2021\/10\/IMG_1236-Korrektur.png\" alt=\"\" class=\"wp-image-587\" srcset=\"https:\/\/complethera.ch\/wp-content\/uploads\/2021\/10\/IMG_1236-Korrektur.png 6960w, https:\/\/complethera.ch\/wp-content\/uploads\/2021\/10\/IMG_1236-Korrektur-300x200.png 300w\" sizes=\"auto, (max-width: 6960px) 100vw, 6960px\" \/><\/a><\/figure>\n\n\n\n<figure class=\"wp-block-image size-large\"><a href=\"https:\/\/complethera.ch\/wp-content\/uploads\/2021\/10\/IMG_1132-Korrektur.png\"><img loading=\"lazy\" decoding=\"async\" width=\"6960\" height=\"4640\" data-id=\"582\" src=\"https:\/\/complethera.ch\/wp-content\/uploads\/2021\/10\/IMG_1132-Korrektur.png\" alt=\"\" class=\"wp-image-582\" srcset=\"https:\/\/complethera.ch\/wp-content\/uploads\/2021\/10\/IMG_1132-Korrektur.png 6960w, https:\/\/complethera.ch\/wp-content\/uploads\/2021\/10\/IMG_1132-Korrektur-300x200.png 300w\" sizes=\"auto, (max-width: 6960px) 100vw, 6960px\" \/><\/a><\/figure>\n\n\n\n<figure class=\"wp-block-image size-large\"><a href=\"https:\/\/complethera.ch\/wp-content\/uploads\/2021\/10\/IMG_1237-Korrektur.png\"><img loading=\"lazy\" decoding=\"async\" width=\"6960\" height=\"4640\" data-id=\"588\" src=\"https:\/\/complethera.ch\/wp-content\/uploads\/2021\/10\/IMG_1237-Korrektur.png\" alt=\"\" class=\"wp-image-588\" srcset=\"https:\/\/complethera.ch\/wp-content\/uploads\/2021\/10\/IMG_1237-Korrektur.png 6960w, https:\/\/complethera.ch\/wp-content\/uploads\/2021\/10\/IMG_1237-Korrektur-300x200.png 300w\" sizes=\"auto, (max-width: 6960px) 100vw, 6960px\" \/><\/a><\/figure>\n\n\n\n<figure class=\"wp-block-image size-large\"><a href=\"https:\/\/complethera.ch\/wp-content\/uploads\/2021\/10\/IMG_1176-Korrektur.png\"><img loading=\"lazy\" decoding=\"async\" width=\"6960\" height=\"4640\" data-id=\"583\" src=\"https:\/\/complethera.ch\/wp-content\/uploads\/2021\/10\/IMG_1176-Korrektur.png\" alt=\"\" class=\"wp-image-583\" srcset=\"https:\/\/complethera.ch\/wp-content\/uploads\/2021\/10\/IMG_1176-Korrektur.png 6960w, https:\/\/complethera.ch\/wp-content\/uploads\/2021\/10\/IMG_1176-Korrektur-300x200.png 300w\" sizes=\"auto, (max-width: 6960px) 100vw, 6960px\" \/><\/a><\/figure>\n<\/figure>\n\n\n\n<div style=\"height:50px\" aria-hidden=\"true\" class=\"wp-block-spacer\"><\/div>\n\n\n\n<p><strong>Hygienekonzept <\/strong><\/p>\n\n\n\n<p>Die Praxis ist f\u00fcr alle Patienten ge\u00f6ffnet.<\/p>\n\n\n\n<p>Die Physiotherapie wird unter Einhaltung der Hygiene-Regeln des BAG durchgef\u00fchrt.<\/p>\n\n\n\n<p>Bitte beachten Sie folgende Regeln:<\/p>\n\n\n\n<ul class=\"wp-block-list\">\n<li>Desinfizieren Sie Ihre H\u00e4nde beim Betreten der Praxis. Im Eingangsbereich steht Desinfektionsmittel f\u00fcr Sie Bereit.<\/li>\n\n\n\n<li>Halten Sie 1.5m Abstand<\/li>\n\n\n\n<li>Sollten Sie sich krank f\u00fchlen oder Fieber haben, bleiben Sie zu Hause und melden sich telefonisch bei uns.<\/li>\n<\/ul>\n\n\n\n<p>Wir danken Ihnen f\u00fcr Ihr Verst\u00e4ndnis und Ihre Kooperation.<\/p>\n","protected":false},"excerpt":{"rendered":"<p>Praxis Gallerie Hygienekonzept Die Praxis ist f\u00fcr alle Patienten ge\u00f6ffnet. Die Physiotherapie wird unter Einhaltung der Hygiene-Regeln des BAG durchgef\u00fchrt. Bitte beachten Sie folgende Regeln: &hellip; <\/p>\n","protected":false},"author":1,"featured_media":0,"parent":0,"menu_order":0,"comment_status":"closed","ping_status":"closed","template":"","meta":{"inline_featured_image":false,"wp_mapbox_gl_js_media":[],"footnotes":""},"class_list":["post-579","page","type-page","status-publish","hentry","latest_post"],"_links":{"self":[{"href":"https:\/\/complethera.ch\/index.php\/wp-json\/wp\/v2\/pages\/579","targetHints":{"allow":["GET"]}}],"collection":[{"href":"https:\/\/complethera.ch\/index.php\/wp-json\/wp\/v2\/pages"}],"about":[{"href":"https:\/\/complethera.ch\/index.php\/wp-json\/wp\/v2\/types\/page"}],"author":[{"embeddable":true,"href":"https:\/\/complethera.ch\/index.php\/wp-json\/wp\/v2\/users\/1"}],"replies":[{"embeddable":true,"href":"https:\/\/complethera.ch\/index.php\/wp-json\/wp\/v2\/comments?post=579"}],"version-history":[{"count":5,"href":"https:\/\/complethera.ch\/index.php\/wp-json\/wp\/v2\/pages\/579\/revisions"}],"predecessor-version":[{"id":676,"href":"https:\/\/complethera.ch\/index.php\/wp-json\/wp\/v2\/pages\/579\/revisions\/676"}],"wp:attachment":[{"href":"https:\/\/complethera.ch\/index.php\/wp-json\/wp\/v2\/media?parent=579"}],"curies":[{"name":"wp","href":"https:\/\/api.w.org\/{rel}","templated":true}]}}