{"id":56,"date":"2020-12-05T14:06:42","date_gmt":"2020-12-05T14:06:42","guid":{"rendered":"https:\/\/complethera.ch\/?page_id=56"},"modified":"2023-08-13T13:21:21","modified_gmt":"2023-08-13T13:21:21","slug":"physiotherapie","status":"publish","type":"page","link":"https:\/\/complethera.ch\/index.php\/physiotherapie\/","title":{"rendered":"Physiotherapie"},"content":{"rendered":"\n<h4 class=\"has-text-align-center wp-block-heading\">Physiotherapie<\/h4>\n\n\n\n<div style=\"height:30px\" aria-hidden=\"true\" class=\"wp-block-spacer\"><\/div>\n\n\n\n<p>Die Physiotherapie ist ein \u00dcberbegriff f\u00fcr verschiedene Therapiemethoden mit dem Ziel, die nat\u00fcrliche Funktion und Bewegungsf\u00e4higkeit des K\u00f6rpers wiederherzustellen, zu verbessern oder zu erhalten. Akute sowie chronische Erkrankungen, Unf\u00e4lle oder Operationen k\u00f6nnen urs\u00e4chlich f\u00fcr die Schmerzen und Funktionseinschr\u00e4nkungen verantwortlich sein<strong>.<\/strong><\/p>\n\n\n\n<figure class=\"wp-block-gallery columns-3 is-cropped wp-block-gallery-1 is-layout-flex wp-block-gallery-is-layout-flex\"><ul class=\"blocks-gallery-grid\"><li class=\"blocks-gallery-item\"><figure><img loading=\"lazy\" decoding=\"async\" width=\"1024\" height=\"566\" src=\"https:\/\/complethera.ch\/wp-content\/uploads\/2021\/01\/IMG_0594.01-1024x566.png\" alt=\"\" data-id=\"229\" data-full-url=\"https:\/\/complethera.ch\/wp-content\/uploads\/2021\/01\/IMG_0594.01.png\" data-link=\"https:\/\/complethera.ch\/index.php\/physiotherapie\/img_0594-01\/\" class=\"wp-image-229\" srcset=\"https:\/\/complethera.ch\/wp-content\/uploads\/2021\/01\/IMG_0594.01-1024x566.png 1024w, https:\/\/complethera.ch\/wp-content\/uploads\/2021\/01\/IMG_0594.01-300x166.png 300w, https:\/\/complethera.ch\/wp-content\/uploads\/2021\/01\/IMG_0594.01-768x425.png 768w\" sizes=\"auto, (max-width: 1024px) 100vw, 1024px\" \/><\/figure><\/li><li class=\"blocks-gallery-item\"><figure><img loading=\"lazy\" decoding=\"async\" width=\"6960\" height=\"4640\" src=\"https:\/\/complethera.ch\/wp-content\/uploads\/2021\/01\/IMG_0766.01.png\" alt=\"\" data-id=\"228\" data-full-url=\"https:\/\/complethera.ch\/wp-content\/uploads\/2021\/01\/IMG_0766.01.png\" data-link=\"https:\/\/complethera.ch\/index.php\/physiotherapie\/img_0766-01\/\" class=\"wp-image-228\" srcset=\"https:\/\/complethera.ch\/wp-content\/uploads\/2021\/01\/IMG_0766.01.png 6960w, https:\/\/complethera.ch\/wp-content\/uploads\/2021\/01\/IMG_0766.01-300x200.png 300w\" sizes=\"auto, (max-width: 6960px) 100vw, 6960px\" \/><\/figure><\/li><li class=\"blocks-gallery-item\"><figure><img loading=\"lazy\" decoding=\"async\" width=\"1024\" height=\"683\" src=\"https:\/\/complethera.ch\/wp-content\/uploads\/2021\/01\/IMG_0613.01-1024x683.png\" alt=\"\" data-id=\"227\" data-full-url=\"https:\/\/complethera.ch\/wp-content\/uploads\/2021\/01\/IMG_0613.01.png\" data-link=\"https:\/\/complethera.ch\/index.php\/physiotherapie\/img_0613-01\/\" class=\"wp-image-227\" srcset=\"https:\/\/complethera.ch\/wp-content\/uploads\/2021\/01\/IMG_0613.01-1024x683.png 1024w, https:\/\/complethera.ch\/wp-content\/uploads\/2021\/01\/IMG_0613.01-300x200.png 300w, https:\/\/complethera.ch\/wp-content\/uploads\/2021\/01\/IMG_0613.01-768x512.png 768w\" sizes=\"auto, (max-width: 1024px) 100vw, 1024px\" \/><\/figure><\/li><\/ul><\/figure>\n\n\n        <div class=\"rmwr-wrapper\" \n             data-id=\"rmwr-69ecac4e8a281\"\n             data-mode=\"normal\"\n             data-animation=\"fade\"\n             data-duration=\"300\"\n             data-smooth-scroll=\"true\"\n             data-scroll-offset=\"0\">\n            <button \n                type=\"button\"\n                class=\"read-link\" \n                id=\"readlinkrmwr-69ecac4e8a281\"\n                data-open-text=\"Weiterlesen\"\n                data-close-text=\"Weniger anzeigen\"\n                aria-expanded=\"false\"\n                aria-controls=\"readrmwr-69ecac4e8a281\"\n                aria-label=\"Weiterlesen\"\n            >\n                <span class=\"rmwr-text\">Weiterlesen<\/span>\n            <\/button>\n            <div \n                class=\"read_div\" \n                id=\"readrmwr-69ecac4e8a281\"\n                aria-hidden=\"true\"\n                data-animation=\"fade\"\n                data-duration=\"300\"\n                style=\"display: none;\"\n            >\n                <\/p>\n\n\n\n<div class=\"wp-block-columns are-vertically-aligned-center is-layout-flex wp-container-core-columns-is-layout-9d6595d7 wp-block-columns-is-layout-flex\">\n<div class=\"wp-block-column is-vertically-aligned-center is-layout-flow wp-block-column-is-layout-flow\">\n<p>Ebenfalls zu den Aufgaben der Physiotherapie z\u00e4hlen achtsam mit seinem K\u00f6rper umzugehen und praktische, gesundheitsf\u00f6rdernde Ma\u00dfnahmen aufzuzeigen. Die Autonomie des Patienten soll unterst\u00fctzt werden.<\/p>\n\n\n\n<p>Die Behandlung orientiert sich an den Beschwerden (Schmerzen) und Aktivit\u00e4tseinschr\u00e4nkungen des K\u00f6rpers.<\/p>\n<\/div>\n\n\n\n<div class=\"wp-block-column is-vertically-aligned-center is-layout-flow wp-block-column-is-layout-flow\">\n<figure class=\"wp-block-image size-large\"><img loading=\"lazy\" decoding=\"async\" width=\"6960\" height=\"4640\" src=\"https:\/\/complethera.ch\/wp-content\/uploads\/2021\/01\/IMG_0965.02.png\" alt=\"\" class=\"wp-image-230\" srcset=\"https:\/\/complethera.ch\/wp-content\/uploads\/2021\/01\/IMG_0965.02.png 6960w, https:\/\/complethera.ch\/wp-content\/uploads\/2021\/01\/IMG_0965.02-300x200.png 300w\" sizes=\"auto, (max-width: 6960px) 100vw, 6960px\" \/><\/figure>\n<\/div>\n<\/div>\n\n\n\n<div style=\"height:50px\" aria-hidden=\"true\" class=\"wp-block-spacer\"><\/div>\n\n\n\n<div class=\"wp-block-columns is-layout-flex wp-container-core-columns-is-layout-9d6595d7 wp-block-columns-is-layout-flex\">\n<div class=\"wp-block-column is-vertically-aligned-center is-layout-flow wp-block-column-is-layout-flow\" style=\"flex-basis:66.66%\">\n<figure class=\"wp-block-gallery columns-2 is-cropped wp-block-gallery-2 is-layout-flex wp-block-gallery-is-layout-flex\"><ul class=\"blocks-gallery-grid\"><li class=\"blocks-gallery-item\"><figure><img loading=\"lazy\" decoding=\"async\" width=\"6960\" height=\"4640\" src=\"https:\/\/complethera.ch\/wp-content\/uploads\/2021\/01\/IMG_1001.01.png\" alt=\"\" data-id=\"234\" data-full-url=\"https:\/\/complethera.ch\/wp-content\/uploads\/2021\/01\/IMG_1001.01.png\" data-link=\"https:\/\/complethera.ch\/index.php\/physiotherapie\/img_1001-01\/\" class=\"wp-image-234\" srcset=\"https:\/\/complethera.ch\/wp-content\/uploads\/2021\/01\/IMG_1001.01.png 6960w, https:\/\/complethera.ch\/wp-content\/uploads\/2021\/01\/IMG_1001.01-300x200.png 300w\" sizes=\"auto, (max-width: 6960px) 100vw, 6960px\" \/><\/figure><\/li><li class=\"blocks-gallery-item\"><figure><img loading=\"lazy\" decoding=\"async\" width=\"6960\" height=\"4640\" src=\"https:\/\/complethera.ch\/wp-content\/uploads\/2021\/01\/IMG_0839.01.png\" alt=\"\" data-id=\"233\" data-full-url=\"https:\/\/complethera.ch\/wp-content\/uploads\/2021\/01\/IMG_0839.01.png\" data-link=\"https:\/\/complethera.ch\/index.php\/physiotherapie\/img_0839-01\/\" class=\"wp-image-233\" srcset=\"https:\/\/complethera.ch\/wp-content\/uploads\/2021\/01\/IMG_0839.01.png 6960w, https:\/\/complethera.ch\/wp-content\/uploads\/2021\/01\/IMG_0839.01-300x200.png 300w\" sizes=\"auto, (max-width: 6960px) 100vw, 6960px\" \/><\/figure><\/li><li class=\"blocks-gallery-item\"><figure><img loading=\"lazy\" decoding=\"async\" width=\"6960\" height=\"4640\" src=\"https:\/\/complethera.ch\/wp-content\/uploads\/2021\/01\/IMG_0790.01.png\" alt=\"\" data-id=\"232\" data-full-url=\"https:\/\/complethera.ch\/wp-content\/uploads\/2021\/01\/IMG_0790.01.png\" data-link=\"https:\/\/complethera.ch\/index.php\/physiotherapie\/img_0790-01\/\" class=\"wp-image-232\" srcset=\"https:\/\/complethera.ch\/wp-content\/uploads\/2021\/01\/IMG_0790.01.png 6960w, https:\/\/complethera.ch\/wp-content\/uploads\/2021\/01\/IMG_0790.01-300x200.png 300w\" sizes=\"auto, (max-width: 6960px) 100vw, 6960px\" \/><\/figure><\/li><li class=\"blocks-gallery-item\"><figure><img loading=\"lazy\" decoding=\"async\" width=\"6960\" height=\"4640\" src=\"https:\/\/complethera.ch\/wp-content\/uploads\/2021\/01\/IMG_0518.01.png\" alt=\"\" data-id=\"231\" data-full-url=\"https:\/\/complethera.ch\/wp-content\/uploads\/2021\/01\/IMG_0518.01.png\" data-link=\"https:\/\/complethera.ch\/index.php\/physiotherapie\/img_0518-01\/\" class=\"wp-image-231\" srcset=\"https:\/\/complethera.ch\/wp-content\/uploads\/2021\/01\/IMG_0518.01.png 6960w, https:\/\/complethera.ch\/wp-content\/uploads\/2021\/01\/IMG_0518.01-300x200.png 300w\" sizes=\"auto, (max-width: 6960px) 100vw, 6960px\" \/><\/figure><\/li><\/ul><\/figure>\n<\/div>\n\n\n\n<div class=\"wp-block-column is-vertically-aligned-center is-layout-flow wp-block-column-is-layout-flow\" style=\"flex-basis:33.33%\">\n<p>Die Therapiemethoden k\u00f6nnen aktiver und passiver Natur sein:<\/p>\n\n\n\n<ul class=\"wp-block-list\"><li>Manuelle Behandlungstechniken (manuelle Therapie, Triggerpunkttherapie, Faszientherapie, Weichteiltechniken,&#8230;..),<\/li><li>Passive Ma\u00dfnahmen (W\u00e4rme-\/K\u00e4lteapplikationen, Taping, Elektrotherapie, Ultraschall)<\/li><li>Aktive Ma\u00dfnahmen in Form von Anleitung von \u00dcbungen zur Verbesserung von Kraft, Beweglichkeit, Koordination und Gleichgewicht.<\/li><\/ul>\n<\/div>\n<\/div>\n\n\n<p>            <\/div>\n        <\/div>\n        \n\n\n\n<div style=\"height:50px\" aria-hidden=\"true\" class=\"wp-block-spacer\"><\/div>\n\n\n\n<div style=\"height:50px\" aria-hidden=\"true\" class=\"wp-block-spacer\"><\/div>\n\n\n\n<div class=\"wp-block-columns is-layout-flex wp-container-core-columns-is-layout-9d6595d7 wp-block-columns-is-layout-flex\">\n<div class=\"wp-block-column is-layout-flow wp-block-column-is-layout-flow\">\n<p><strong>Anwendungsgebiete<\/strong><\/p>\n\n\n\n<ul class=\"wp-block-list\"><li>Bei akuten und chronischen Schmerzen (z.B. Kopfschmerzen, R\u00fcckenschmerzen, Diskushernie)<\/li><li>Bei St\u00f6rungen des Lymphflusses<\/li><li>Narbenentst\u00f6rung<\/li><li>Bei neurologischen Krankheitsbildern (z.B. Schlaganfall, Morbus Parkinson)<\/li><li>Nach Operationen<\/li><li>Nach Unf\u00e4llen (z.B. Schleudertrauma)<\/li><li>Pr\u00e4ventiv zur Gesundheitsf\u00f6rderung<\/li><\/ul>\n<\/div>\n\n\n\n<div class=\"wp-block-column is-vertically-aligned-center is-layout-flow wp-block-column-is-layout-flow\">\n<figure class=\"wp-block-gallery columns-1 is-cropped wp-block-gallery-3 is-layout-flex wp-block-gallery-is-layout-flex\"><ul class=\"blocks-gallery-grid\"><li class=\"blocks-gallery-item\"><figure><img loading=\"lazy\" decoding=\"async\" width=\"6960\" height=\"4640\" src=\"https:\/\/complethera.ch\/wp-content\/uploads\/2021\/01\/IMG_0452.01.png\" alt=\"\" data-id=\"226\" data-full-url=\"https:\/\/complethera.ch\/wp-content\/uploads\/2021\/01\/IMG_0452.01.png\" data-link=\"https:\/\/complethera.ch\/index.php\/physiotherapie\/img_0452-01\/\" class=\"wp-image-226\" srcset=\"https:\/\/complethera.ch\/wp-content\/uploads\/2021\/01\/IMG_0452.01.png 6960w, https:\/\/complethera.ch\/wp-content\/uploads\/2021\/01\/IMG_0452.01-300x200.png 300w\" sizes=\"auto, (max-width: 6960px) 100vw, 6960px\" \/><\/figure><\/li><\/ul><\/figure>\n<\/div>\n<\/div>\n","protected":false},"excerpt":{"rendered":"<p>Physiotherapie Die Physiotherapie ist ein \u00dcberbegriff f\u00fcr verschiedene Therapiemethoden mit dem Ziel, die nat\u00fcrliche Funktion und Bewegungsf\u00e4higkeit des K\u00f6rpers wiederherzustellen, zu verbessern oder zu erhalten. &hellip; <\/p>\n","protected":false},"author":1,"featured_media":0,"parent":0,"menu_order":0,"comment_status":"closed","ping_status":"closed","template":"","meta":{"inline_featured_image":false,"wp_mapbox_gl_js_media":[],"footnotes":""},"class_list":["post-56","page","type-page","status-publish","hentry","latest_post"],"_links":{"self":[{"href":"https:\/\/complethera.ch\/index.php\/wp-json\/wp\/v2\/pages\/56","targetHints":{"allow":["GET"]}}],"collection":[{"href":"https:\/\/complethera.ch\/index.php\/wp-json\/wp\/v2\/pages"}],"about":[{"href":"https:\/\/complethera.ch\/index.php\/wp-json\/wp\/v2\/types\/page"}],"author":[{"embeddable":true,"href":"https:\/\/complethera.ch\/index.php\/wp-json\/wp\/v2\/users\/1"}],"replies":[{"embeddable":true,"href":"https:\/\/complethera.ch\/index.php\/wp-json\/wp\/v2\/comments?post=56"}],"version-history":[{"count":26,"href":"https:\/\/complethera.ch\/index.php\/wp-json\/wp\/v2\/pages\/56\/revisions"}],"predecessor-version":[{"id":675,"href":"https:\/\/complethera.ch\/index.php\/wp-json\/wp\/v2\/pages\/56\/revisions\/675"}],"wp:attachment":[{"href":"https:\/\/complethera.ch\/index.php\/wp-json\/wp\/v2\/media?parent=56"}],"curies":[{"name":"wp","href":"https:\/\/api.w.org\/{rel}","templated":true}]}}