{"id":48,"date":"2020-12-05T14:02:38","date_gmt":"2020-12-05T14:02:38","guid":{"rendered":"https:\/\/complethera.ch\/?page_id=48"},"modified":"2023-08-13T13:21:03","modified_gmt":"2023-08-13T13:21:03","slug":"ernaehrungsberatung","status":"publish","type":"page","link":"https:\/\/complethera.ch\/index.php\/ernaehrungsberatung\/","title":{"rendered":"Ern\u00e4hrungsberatung"},"content":{"rendered":"\n<h4 class=\"has-text-align-center wp-block-heading\">Ern\u00e4hrungsberatung<\/h4>\n\n\n\n<figure class=\"wp-block-image alignwide size-large\"><img loading=\"lazy\" decoding=\"async\" width=\"1024\" height=\"211\" src=\"https:\/\/complethera.ch\/wp-content\/uploads\/2021\/01\/Peperoncini-Banner-1-1024x211.png\" alt=\"\" class=\"wp-image-447\" srcset=\"https:\/\/complethera.ch\/wp-content\/uploads\/2021\/01\/Peperoncini-Banner-1-1024x211.png 1024w, https:\/\/complethera.ch\/wp-content\/uploads\/2021\/01\/Peperoncini-Banner-1-300x62.png 300w, https:\/\/complethera.ch\/wp-content\/uploads\/2021\/01\/Peperoncini-Banner-1-768x158.png 768w, https:\/\/complethera.ch\/wp-content\/uploads\/2021\/01\/Peperoncini-Banner-1-1536x316.png 1536w, https:\/\/complethera.ch\/wp-content\/uploads\/2021\/01\/Peperoncini-Banner-1-291x60.png 291w, https:\/\/complethera.ch\/wp-content\/uploads\/2021\/01\/Peperoncini-Banner-1.png 2000w\" sizes=\"auto, (max-width: 1024px) 100vw, 1024px\" \/><\/figure>\n\n\n\n<p class=\"has-text-align-center\"><em><strong>Gesund leben &#8211; Krankheit vorbeugen&nbsp;<\/strong><\/em><\/p>\n\n\n\n<div class=\"wp-block-columns is-layout-flex wp-container-core-columns-is-layout-9d6595d7 wp-block-columns-is-layout-flex\">\n<div class=\"wp-block-column is-vertically-aligned-center is-layout-flow wp-block-column-is-layout-flow\">\n<p class=\"has-text-align-center\">Keine Freude am Essen und anstrengende Di\u00e4t wird h\u00e4ufig mit<em> einer gesunden Ern\u00e4hrung<\/em> verbunden.<br><br>Entdecken Sie mit mir, dass es anders m\u00f6glich ist!&nbsp;<\/p>\n\n\n\n<p class=\"has-text-align-center\"><strong>Mein Motto:<\/strong><br><em>Freude am Essen ohne schlechtes Gewissen!&nbsp;<\/em><br><em>Kein Verbot und kein Verzicht!<\/em><br><em>Eine individuelle und angepasste Ern\u00e4hrung gibt es auch f\u00fcr Sie!<\/em><\/p>\n<\/div>\n<\/div>\n\n\n        <div class=\"rmwr-wrapper\" \n             data-id=\"rmwr-69ecac5078e2e\"\n             data-mode=\"normal\"\n             data-animation=\"fade\"\n             data-duration=\"300\"\n             data-smooth-scroll=\"true\"\n             data-scroll-offset=\"0\">\n            <button \n                type=\"button\"\n                class=\"read-link\" \n                id=\"readlinkrmwr-69ecac5078e2e\"\n                data-open-text=\"Weiterlesen\"\n                data-close-text=\"Weniger anzeigen\"\n                aria-expanded=\"false\"\n                aria-controls=\"readrmwr-69ecac5078e2e\"\n                aria-label=\"Weiterlesen\"\n            >\n                <span class=\"rmwr-text\">Weiterlesen<\/span>\n            <\/button>\n            <div \n                class=\"read_div\" \n                id=\"readrmwr-69ecac5078e2e\"\n                aria-hidden=\"true\"\n                data-animation=\"fade\"\n                data-duration=\"300\"\n                style=\"display: none;\"\n            >\n                <\/p>\n\n\n\n<div class=\"wp-block-columns is-layout-flex wp-container-core-columns-is-layout-9d6595d7 wp-block-columns-is-layout-flex\">\n<div class=\"wp-block-column is-layout-flow wp-block-column-is-layout-flow\">\n<figure class=\"wp-block-image size-large is-resized\"><img loading=\"lazy\" decoding=\"async\" src=\"https:\/\/complethera.ch\/wp-content\/uploads\/2021\/01\/fitohnedia\u0308t-13-1024x683.jpg\" alt=\"\" class=\"wp-image-199\" width=\"512\" height=\"342\" srcset=\"https:\/\/complethera.ch\/wp-content\/uploads\/2021\/01\/fitohnedia\u0308t-13-1024x683.jpg 1024w, https:\/\/complethera.ch\/wp-content\/uploads\/2021\/01\/fitohnedia\u0308t-13-300x200.jpg 300w, https:\/\/complethera.ch\/wp-content\/uploads\/2021\/01\/fitohnedia\u0308t-13-768x512.jpg 768w\" sizes=\"auto, (max-width: 512px) 100vw, 512px\" \/><\/figure>\n<\/div>\n\n\n\n<div class=\"wp-block-column is-layout-flow wp-block-column-is-layout-flow\">\n<figure class=\"wp-block-image size-large is-resized\"><img loading=\"lazy\" decoding=\"async\" src=\"https:\/\/complethera.ch\/wp-content\/uploads\/2021\/01\/IMG_7593-1024x673.jpg\" alt=\"\" class=\"wp-image-200\" width=\"512\" height=\"337\" srcset=\"https:\/\/complethera.ch\/wp-content\/uploads\/2021\/01\/IMG_7593-1024x673.jpg 1024w, https:\/\/complethera.ch\/wp-content\/uploads\/2021\/01\/IMG_7593-300x197.jpg 300w, https:\/\/complethera.ch\/wp-content\/uploads\/2021\/01\/IMG_7593-768x505.jpg 768w, https:\/\/complethera.ch\/wp-content\/uploads\/2021\/01\/IMG_7593-91x60.jpg 91w, https:\/\/complethera.ch\/wp-content\/uploads\/2021\/01\/IMG_7593.jpg 1335w\" sizes=\"auto, (max-width: 512px) 100vw, 512px\" \/><\/figure>\n<\/div>\n\n\n\n<div class=\"wp-block-column is-layout-flow wp-block-column-is-layout-flow\">\n<figure class=\"wp-block-image size-large is-resized\"><img loading=\"lazy\" decoding=\"async\" src=\"https:\/\/complethera.ch\/wp-content\/uploads\/2021\/01\/fitohnedia\u0308t-10-1024x683.jpg\" alt=\"\" class=\"wp-image-201\" width=\"512\" height=\"342\" srcset=\"https:\/\/complethera.ch\/wp-content\/uploads\/2021\/01\/fitohnedia\u0308t-10-1024x683.jpg 1024w, https:\/\/complethera.ch\/wp-content\/uploads\/2021\/01\/fitohnedia\u0308t-10-300x200.jpg 300w, https:\/\/complethera.ch\/wp-content\/uploads\/2021\/01\/fitohnedia\u0308t-10-768x512.jpg 768w\" sizes=\"auto, (max-width: 512px) 100vw, 512px\" \/><\/figure>\n<\/div>\n<\/div>\n\n\n\n<div style=\"height:50px\" aria-hidden=\"true\" class=\"wp-block-spacer\"><\/div>\n\n\n\n<div class=\"wp-block-columns is-layout-flex wp-container-core-columns-is-layout-9d6595d7 wp-block-columns-is-layout-flex\">\n<div class=\"wp-block-column is-vertically-aligned-center is-layout-flow wp-block-column-is-layout-flow\">\n<p>Ihre Gesundheit wird durch Ihren Lebensstil, Ihre k\u00f6rperliche Aktivit\u00e4t sowie durch Ihre Ern\u00e4hrung beeinflusst.<br><br>Wissenschaftler gehen davon aus, dass 70% aller Erkrankungen in den westlichen Industriel\u00e4ndern auf Ern\u00e4hrungs- und Lebensstil zur\u00fcckzuf\u00fchren sind. Falsche Ern\u00e4hrung, zu wenig Bewegung und \u00dcbergewicht spielen dabei eine gro\u00dfe Rolle.&nbsp;<br><br>Meine Ern\u00e4hrungsberatung ber\u00fccksichtigt Ihre pers\u00f6nlichen Bed\u00fcrfnisse.<br><br>Entdecken Sie, welches Essen Ihnen Freude macht und Ihrem K\u00f6rper gut tut.&nbsp;<br><br>Ich begleite Sie gerne auf Ihrem pers\u00f6nlichen Weg.<\/p>\n<\/div>\n\n\n\n<div class=\"wp-block-column is-vertically-aligned-center is-layout-flow wp-block-column-is-layout-flow\">\n<div class=\"wp-block-image\"><figure class=\"alignright size-large\"><img loading=\"lazy\" decoding=\"async\" width=\"1024\" height=\"683\" src=\"https:\/\/complethera.ch\/wp-content\/uploads\/2021\/01\/fitohnedia\u0308t-11.01-1024x683.png\" alt=\"\" class=\"wp-image-191\" srcset=\"https:\/\/complethera.ch\/wp-content\/uploads\/2021\/01\/fitohnedia\u0308t-11.01-1024x683.png 1024w, https:\/\/complethera.ch\/wp-content\/uploads\/2021\/01\/fitohnedia\u0308t-11.01-300x200.png 300w, https:\/\/complethera.ch\/wp-content\/uploads\/2021\/01\/fitohnedia\u0308t-11.01-768x512.png 768w\" sizes=\"auto, (max-width: 1024px) 100vw, 1024px\" \/><\/figure><\/div>\n\n\n\n<p><\/p>\n<\/div>\n<\/div>\n\n\n\n<p class=\"has-text-align-center\">Weitere Informationen auf:\u00a0<a href=\"http:\/\/www.xn--fitohnedit-y5a.ch\/\"><u>www.fitohnedi\u00e4t.ch<\/u><\/a><\/p>\n\n\n<p>            <\/div>\n        <\/div>\n        \n","protected":false},"excerpt":{"rendered":"<p>Ern\u00e4hrungsberatung Gesund leben &#8211; Krankheit vorbeugen&nbsp; Keine Freude am Essen und anstrengende Di\u00e4t wird h\u00e4ufig mit einer gesunden Ern\u00e4hrung verbunden. Entdecken Sie mit mir, dass &hellip; <\/p>\n","protected":false},"author":1,"featured_media":0,"parent":0,"menu_order":0,"comment_status":"closed","ping_status":"closed","template":"","meta":{"inline_featured_image":false,"wp_mapbox_gl_js_media":[],"footnotes":""},"class_list":["post-48","page","type-page","status-publish","hentry","latest_post"],"_links":{"self":[{"href":"https:\/\/complethera.ch\/index.php\/wp-json\/wp\/v2\/pages\/48","targetHints":{"allow":["GET"]}}],"collection":[{"href":"https:\/\/complethera.ch\/index.php\/wp-json\/wp\/v2\/pages"}],"about":[{"href":"https:\/\/complethera.ch\/index.php\/wp-json\/wp\/v2\/types\/page"}],"author":[{"embeddable":true,"href":"https:\/\/complethera.ch\/index.php\/wp-json\/wp\/v2\/users\/1"}],"replies":[{"embeddable":true,"href":"https:\/\/complethera.ch\/index.php\/wp-json\/wp\/v2\/comments?post=48"}],"version-history":[{"count":18,"href":"https:\/\/complethera.ch\/index.php\/wp-json\/wp\/v2\/pages\/48\/revisions"}],"predecessor-version":[{"id":673,"href":"https:\/\/complethera.ch\/index.php\/wp-json\/wp\/v2\/pages\/48\/revisions\/673"}],"wp:attachment":[{"href":"https:\/\/complethera.ch\/index.php\/wp-json\/wp\/v2\/media?parent=48"}],"curies":[{"name":"wp","href":"https:\/\/api.w.org\/{rel}","templated":true}]}}