{"id":261,"date":"2021-01-16T16:52:39","date_gmt":"2021-01-16T16:52:39","guid":{"rendered":"https:\/\/complethera.ch\/?page_id=261"},"modified":"2023-08-13T13:20:09","modified_gmt":"2023-08-13T13:20:09","slug":"unser-leitbild","status":"publish","type":"page","link":"https:\/\/complethera.ch\/index.php\/unser-leitbild\/","title":{"rendered":"Unser Leitbild"},"content":{"rendered":"\n<h4 class=\"has-text-align-center wp-block-heading\">Unser Leitbild<\/h4>\n\n\n\n<div style=\"height:30px\" aria-hidden=\"true\" class=\"wp-block-spacer\"><\/div>\n\n\n\n<div class=\"wp-block-columns is-layout-flex wp-container-core-columns-is-layout-9d6595d7 wp-block-columns-is-layout-flex\">\n<div class=\"wp-block-column is-layout-flow wp-block-column-is-layout-flow\">\n<p>Ganzheitlich denken und behandeln, das ist unsere Philosophie.<br><br>Die Therapie wird individuell aufgebaut. Das Herausfinden der Ursache der Beschwerden, die Symptombehandlung und die Hilfe zur Selbsthilfe bilden den roten Faden unserer Therapie.<br><br>Eine Kooperation zwischen Patienten\/In und Therapeut\/In ist eine grundlegende Voraussetzung f\u00fcr eine erfolgreiche Therapie.<br><br>So unterschiedlich wie sich die Natur auf diesem Bild pr\u00e4sentiert, so vielf\u00e4ltig sind unseren Behandlungsm\u00f6glichkeiten.<br><br>Zudem besitzen wir einen breit gef\u00e4cherten Erfahrungsschatz.<br><br>Wir freuen uns, Sie in unserer Praxis begr\u00fc\u00dfen zu d\u00fcrfen!<\/p>\n<\/div>\n\n\n\n<div class=\"wp-block-column is-vertically-aligned-center is-layout-flow wp-block-column-is-layout-flow\">\n<div class=\"wp-block-image\"><figure class=\"alignright size-large is-resized\"><img loading=\"lazy\" decoding=\"async\" src=\"https:\/\/complethera.ch\/wp-content\/uploads\/2021\/01\/IMG_8852.01-1024x768.png\" alt=\"\" class=\"wp-image-262\" width=\"768\" height=\"576\" srcset=\"https:\/\/complethera.ch\/wp-content\/uploads\/2021\/01\/IMG_8852.01-1024x768.png 1024w, https:\/\/complethera.ch\/wp-content\/uploads\/2021\/01\/IMG_8852.01-300x225.png 300w, https:\/\/complethera.ch\/wp-content\/uploads\/2021\/01\/IMG_8852.01-768x576.png 768w, https:\/\/complethera.ch\/wp-content\/uploads\/2021\/01\/IMG_8852.01-1536x1152.png 1536w, https:\/\/complethera.ch\/wp-content\/uploads\/2021\/01\/IMG_8852.01-2048x1536.png 2048w, https:\/\/complethera.ch\/wp-content\/uploads\/2021\/01\/IMG_8852.01-80x60.png 80w, https:\/\/complethera.ch\/wp-content\/uploads\/2021\/01\/IMG_8852.01-921x692.png 921w, https:\/\/complethera.ch\/wp-content\/uploads\/2021\/01\/IMG_8852.01-470x352.png 470w\" sizes=\"auto, (max-width: 768px) 100vw, 768px\" \/><\/figure><\/div>\n<\/div>\n<\/div>\n","protected":false},"excerpt":{"rendered":"<p>Unser Leitbild Ganzheitlich denken und behandeln, das ist unsere Philosophie. Die Therapie wird individuell aufgebaut. Das Herausfinden der Ursache der Beschwerden, die Symptombehandlung und die &hellip; <\/p>\n","protected":false},"author":1,"featured_media":0,"parent":0,"menu_order":0,"comment_status":"closed","ping_status":"closed","template":"","meta":{"inline_featured_image":false,"wp_mapbox_gl_js_media":[],"footnotes":""},"class_list":["post-261","page","type-page","status-publish","hentry","latest_post"],"_links":{"self":[{"href":"https:\/\/complethera.ch\/index.php\/wp-json\/wp\/v2\/pages\/261","targetHints":{"allow":["GET"]}}],"collection":[{"href":"https:\/\/complethera.ch\/index.php\/wp-json\/wp\/v2\/pages"}],"about":[{"href":"https:\/\/complethera.ch\/index.php\/wp-json\/wp\/v2\/types\/page"}],"author":[{"embeddable":true,"href":"https:\/\/complethera.ch\/index.php\/wp-json\/wp\/v2\/users\/1"}],"replies":[{"embeddable":true,"href":"https:\/\/complethera.ch\/index.php\/wp-json\/wp\/v2\/comments?post=261"}],"version-history":[{"count":10,"href":"https:\/\/complethera.ch\/index.php\/wp-json\/wp\/v2\/pages\/261\/revisions"}],"predecessor-version":[{"id":666,"href":"https:\/\/complethera.ch\/index.php\/wp-json\/wp\/v2\/pages\/261\/revisions\/666"}],"wp:attachment":[{"href":"https:\/\/complethera.ch\/index.php\/wp-json\/wp\/v2\/media?parent=261"}],"curies":[{"name":"wp","href":"https:\/\/api.w.org\/{rel}","templated":true}]}}