{"id":20,"date":"2020-10-04T11:55:31","date_gmt":"2020-10-04T11:55:31","guid":{"rendered":"https:\/\/complethera.ch\/?page_id=20"},"modified":"2023-08-13T13:20:48","modified_gmt":"2023-08-13T13:20:48","slug":"preise","status":"publish","type":"page","link":"https:\/\/complethera.ch\/index.php\/preise\/","title":{"rendered":"Preise"},"content":{"rendered":"\n<h4 class=\"has-text-align-center wp-block-heading\">Preise f\u00fcr Selbstzahler<\/h4>\n\n\n\n<div style=\"height:30px\" aria-hidden=\"true\" class=\"wp-block-spacer\"><\/div>\n\n\n\n<p class=\"has-text-align-left\">Behandlungstermine m\u00fcssen 24 Stunden vorher abgesagt werden. Nicht fristgerecht abgesagte Termine werden Ihnen in Rechnung gestellt.<\/p>\n\n\n\n<div style=\"height:30px\" aria-hidden=\"true\" class=\"wp-block-spacer\"><\/div>\n\n\n\n<figure class=\"wp-block-table is-style-stripes\"><table><tbody><tr><td>Physiotherapie<\/td><td>25 Minuten<br>55 Minuten<\/td><td>CHF 70.-<br>CHF 140.-<\/td><\/tr><tr><td>CranioSacraltherapie<\/td><td>25 Minuten<br>55 Minuten<\/td><td>CHF 70.-<br>CHF 140.-<\/td><\/tr><tr><td>Ern\u00e4hrungsberatung<\/td><td>55 Minuten<\/td><td>CHF 140.-<\/td><\/tr><\/tbody><\/table><\/figure>\n\n\n\n<p>Die Physiotherapie wird mit einer g\u00fcltigen Verordnung vom Arzt \u00fcber die Krankenkasse abgerechnet. Die Physiotherapie kann auch als Selbstzahler in Anspruch genommen werden.<\/p>\n\n\n\n<p>Die Ern\u00e4hrungsberatung und die CranioSacraltherapie sind EMR anerkannt. Bitte informieren Sie sich vorab bei Ihrer Zusatzversicherung \u00fcber die Kosten\u00fcbernahme.<\/p>\n\n\n\n<p>Das Erstgespr\u00e4ch der Ern\u00e4hrungsberatung dauert 60 &#8211; 90 Minuten. Anschlie\u00dfend sind auch k\u00fcrzere Behandlungen m\u00f6glich.<\/p>\n\n\n\n<p>Bitte kontaktieren Sie uns pers\u00f6nlich, falls Sie Interesse an einer Pilates-Lektion haben.<\/p>\n","protected":false},"excerpt":{"rendered":"<p>Preise f\u00fcr Selbstzahler Behandlungstermine m\u00fcssen 24 Stunden vorher abgesagt werden. Nicht fristgerecht abgesagte Termine werden Ihnen in Rechnung gestellt. Physiotherapie 25 Minuten55 Minuten CHF 70.-CHF &hellip; <\/p>\n","protected":false},"author":1,"featured_media":0,"parent":0,"menu_order":0,"comment_status":"closed","ping_status":"closed","template":"","meta":{"inline_featured_image":false,"wp_mapbox_gl_js_media":[],"footnotes":""},"class_list":["post-20","page","type-page","status-publish","hentry","latest_post"],"_links":{"self":[{"href":"https:\/\/complethera.ch\/index.php\/wp-json\/wp\/v2\/pages\/20","targetHints":{"allow":["GET"]}}],"collection":[{"href":"https:\/\/complethera.ch\/index.php\/wp-json\/wp\/v2\/pages"}],"about":[{"href":"https:\/\/complethera.ch\/index.php\/wp-json\/wp\/v2\/types\/page"}],"author":[{"embeddable":true,"href":"https:\/\/complethera.ch\/index.php\/wp-json\/wp\/v2\/users\/1"}],"replies":[{"embeddable":true,"href":"https:\/\/complethera.ch\/index.php\/wp-json\/wp\/v2\/comments?post=20"}],"version-history":[{"count":27,"href":"https:\/\/complethera.ch\/index.php\/wp-json\/wp\/v2\/pages\/20\/revisions"}],"predecessor-version":[{"id":671,"href":"https:\/\/complethera.ch\/index.php\/wp-json\/wp\/v2\/pages\/20\/revisions\/671"}],"wp:attachment":[{"href":"https:\/\/complethera.ch\/index.php\/wp-json\/wp\/v2\/media?parent=20"}],"curies":[{"name":"wp","href":"https:\/\/api.w.org\/{rel}","templated":true}]}}